{"id":329,"date":"2025-02-25T12:29:07","date_gmt":"2025-02-25T11:29:07","guid":{"rendered":"https:\/\/opg-kelecic.hr\/?post_type=product&#038;p=329"},"modified":"2025-09-29T07:01:10","modified_gmt":"2025-09-29T06:01:10","slug":"sipak-s-medom","status":"publish","type":"product","link":"https:\/\/opg-kelecic.hr\/?product=sipak-s-medom","title":{"rendered":"\u0160ipak s medom"},"content":{"rendered":"<p>Prirodni napitak za ja\u010danje snage i imuniteta koji nas \u0161titi od bakterija i virusa. Pobolj\u0161ava cirkulaciju, \u010disti di\u0161ne puteve, ja\u010da mi\u0161i\u0107e i kosti te djeluje protuupalno i antialergijski. \u0160titi od prehlade i gripe, poma\u017ee kod infekcije mokra\u010dnog sustava. \u0160titi od sr\u010danih oboljenja, djeluje kao diuretik. \u0160ipak je iznimno bogat C vitaminom, a tako\u0111er sadr\u017ei vitamine: D, P, K, B1, B2, B3, E i provitamin A te sadr\u017ei velike koli\u010dine minerala: natrij, \u017eeljezo, mangan, magnezij, kalij, fosfor, sumpor, silicij.<\/p>\n<p>\u0160ipak s medom je gusti sok koji se sastoji od ekstrakta \u0161ipka, pasiranog \u0161ipaka, vode te\u00a0 15% meda<\/p>\n","protected":false},"excerpt":{"rendered":"<p>Gusti sok od \u0161ipka s medom<\/p>\n","protected":false},"featured_media":634,"template":"","meta":[],"product_brand":[],"product_cat":[40],"product_tag":[],"class_list":{"0":"post-329","1":"product","2":"type-product","3":"status-publish","4":"has-post-thumbnail","6":"product_cat-sokovi","8":"first","9":"instock","10":"shipping-taxable","11":"purchasable","12":"product-type-simple"},"yoast_head":"<!-- This site is optimized with the Yoast SEO plugin v25.2 - https:\/\/yoast.com\/wordpress\/plugins\/seo\/ -->\n<title>\u0160ipak s medom - OPG Kele\u010di\u0107<\/title>\n<meta name=\"robots\" content=\"index, follow, max-snippet:-1, max-image-preview:large, max-video-preview:-1\" \/>\n<link rel=\"canonical\" href=\"https:\/\/opg-kelecic.hr\/?product=sipak-s-medom\" \/>\n<meta property=\"og:locale\" content=\"hr_HR\" \/>\n<meta property=\"og:type\" content=\"article\" \/>\n<meta property=\"og:title\" content=\"\u0160ipak s medom - OPG Kele\u010di\u0107\" \/>\n<meta property=\"og:description\" content=\"Gusti sok od \u0161ipka s medom\" \/>\n<meta property=\"og:url\" content=\"https:\/\/opg-kelecic.hr\/?product=sipak-s-medom\" \/>\n<meta property=\"og:site_name\" content=\"OPG Kele\u010di\u0107\" \/>\n<meta property=\"article:publisher\" content=\"https:\/\/www.facebook.com\/p\/OPG-Kelei-100057955245978\/?locale=hr_HR&amp;_rdr\" \/>\n<meta property=\"article:modified_time\" content=\"2025-09-29T06:01:10+00:00\" \/>\n<meta property=\"og:image\" content=\"https:\/\/opg-kelecic.hr\/wp-content\/uploads\/2025\/02\/KELECIC-Sipak-s-medom-7408-scaled.jpg\" \/>\n\t<meta property=\"og:image:width\" content=\"1707\" \/>\n\t<meta property=\"og:image:height\" content=\"2560\" \/>\n\t<meta property=\"og:image:type\" content=\"image\/jpeg\" \/>\n<meta name=\"twitter:card\" content=\"summary_large_image\" \/>\n<meta name=\"twitter:label1\" content=\"Procijenjeno vrijeme \u010ditanja\" \/>\n\t<meta name=\"twitter:data1\" content=\"1 minuta\" \/>\n<script type=\"application\/ld+json\" class=\"yoast-schema-graph\">{\"@context\":\"https:\/\/schema.org\",\"@graph\":[{\"@type\":\"WebPage\",\"@id\":\"https:\/\/opg-kelecic.hr\/?product=sipak-s-medom\",\"url\":\"https:\/\/opg-kelecic.hr\/?product=sipak-s-medom\",\"name\":\"\u0160ipak s medom - OPG Kele\u010di\u0107\",\"isPartOf\":{\"@id\":\"https:\/\/opg-kelecic.hr\/#website\"},\"primaryImageOfPage\":{\"@id\":\"https:\/\/opg-kelecic.hr\/?product=sipak-s-medom#primaryimage\"},\"image\":{\"@id\":\"https:\/\/opg-kelecic.hr\/?product=sipak-s-medom#primaryimage\"},\"thumbnailUrl\":\"https:\/\/opg-kelecic.hr\/wp-content\/uploads\/2025\/02\/KELECIC-Sipak-s-medom-7408-scaled.jpg\",\"datePublished\":\"2025-02-25T11:29:07+00:00\",\"dateModified\":\"2025-09-29T06:01:10+00:00\",\"breadcrumb\":{\"@id\":\"https:\/\/opg-kelecic.hr\/?product=sipak-s-medom#breadcrumb\"},\"inLanguage\":\"hr\",\"potentialAction\":[{\"@type\":\"ReadAction\",\"target\":[\"https:\/\/opg-kelecic.hr\/?product=sipak-s-medom\"]}]},{\"@type\":\"ImageObject\",\"inLanguage\":\"hr\",\"@id\":\"https:\/\/opg-kelecic.hr\/?product=sipak-s-medom#primaryimage\",\"url\":\"https:\/\/opg-kelecic.hr\/wp-content\/uploads\/2025\/02\/KELECIC-Sipak-s-medom-7408-scaled.jpg\",\"contentUrl\":\"https:\/\/opg-kelecic.hr\/wp-content\/uploads\/2025\/02\/KELECIC-Sipak-s-medom-7408-scaled.jpg\",\"width\":1707,\"height\":2560},{\"@type\":\"BreadcrumbList\",\"@id\":\"https:\/\/opg-kelecic.hr\/?product=sipak-s-medom#breadcrumb\",\"itemListElement\":[{\"@type\":\"ListItem\",\"position\":1,\"name\":\"Po\u010detna stranica\",\"item\":\"https:\/\/opg-kelecic.hr\/\"},{\"@type\":\"ListItem\",\"position\":2,\"name\":\"Proizvodi\",\"item\":\"https:\/\/opg-kelecic.hr\/?page_id=403\"},{\"@type\":\"ListItem\",\"position\":3,\"name\":\"\u0160ipak s medom\"}]},{\"@type\":\"WebSite\",\"@id\":\"https:\/\/opg-kelecic.hr\/#website\",\"url\":\"https:\/\/opg-kelecic.hr\/\",\"name\":\"OPG Kele\u010di\u0107\",\"description\":\"Obiteljsko poljoprivredno gospodarstvo Kele\u010di\u0107\",\"publisher\":{\"@id\":\"https:\/\/opg-kelecic.hr\/#organization\"},\"potentialAction\":[{\"@type\":\"SearchAction\",\"target\":{\"@type\":\"EntryPoint\",\"urlTemplate\":\"https:\/\/opg-kelecic.hr\/?s={search_term_string}\"},\"query-input\":{\"@type\":\"PropertyValueSpecification\",\"valueRequired\":true,\"valueName\":\"search_term_string\"}}],\"inLanguage\":\"hr\"},{\"@type\":\"Organization\",\"@id\":\"https:\/\/opg-kelecic.hr\/#organization\",\"name\":\"OPG Kele\u010di\u0107\",\"url\":\"https:\/\/opg-kelecic.hr\/\",\"logo\":{\"@type\":\"ImageObject\",\"inLanguage\":\"hr\",\"@id\":\"https:\/\/opg-kelecic.hr\/#\/schema\/logo\/image\/\",\"url\":\"https:\/\/opg-kelecic.hr\/wp-content\/uploads\/2015\/03\/cropped-logo.jpg\",\"contentUrl\":\"https:\/\/opg-kelecic.hr\/wp-content\/uploads\/2015\/03\/cropped-logo.jpg\",\"width\":684,\"height\":290,\"caption\":\"OPG Kele\u010di\u0107\"},\"image\":{\"@id\":\"https:\/\/opg-kelecic.hr\/#\/schema\/logo\/image\/\"},\"sameAs\":[\"https:\/\/www.facebook.com\/p\/OPG-Kelei-100057955245978\/?locale=hr_HR&_rdr\"]}]}<\/script>\n<!-- \/ Yoast SEO plugin. -->","yoast_head_json":{"title":"\u0160ipak s medom - OPG Kele\u010di\u0107","robots":{"index":"index","follow":"follow","max-snippet":"max-snippet:-1","max-image-preview":"max-image-preview:large","max-video-preview":"max-video-preview:-1"},"canonical":"https:\/\/opg-kelecic.hr\/?product=sipak-s-medom","og_locale":"hr_HR","og_type":"article","og_title":"\u0160ipak s medom - OPG Kele\u010di\u0107","og_description":"Gusti sok od \u0161ipka s medom","og_url":"https:\/\/opg-kelecic.hr\/?product=sipak-s-medom","og_site_name":"OPG Kele\u010di\u0107","article_publisher":"https:\/\/www.facebook.com\/p\/OPG-Kelei-100057955245978\/?locale=hr_HR&_rdr","article_modified_time":"2025-09-29T06:01:10+00:00","og_image":[{"width":1707,"height":2560,"url":"https:\/\/opg-kelecic.hr\/wp-content\/uploads\/2025\/02\/KELECIC-Sipak-s-medom-7408-scaled.jpg","type":"image\/jpeg"}],"twitter_card":"summary_large_image","twitter_misc":{"Procijenjeno vrijeme \u010ditanja":"1 minuta"},"schema":{"@context":"https:\/\/schema.org","@graph":[{"@type":"WebPage","@id":"https:\/\/opg-kelecic.hr\/?product=sipak-s-medom","url":"https:\/\/opg-kelecic.hr\/?product=sipak-s-medom","name":"\u0160ipak s medom - OPG Kele\u010di\u0107","isPartOf":{"@id":"https:\/\/opg-kelecic.hr\/#website"},"primaryImageOfPage":{"@id":"https:\/\/opg-kelecic.hr\/?product=sipak-s-medom#primaryimage"},"image":{"@id":"https:\/\/opg-kelecic.hr\/?product=sipak-s-medom#primaryimage"},"thumbnailUrl":"https:\/\/opg-kelecic.hr\/wp-content\/uploads\/2025\/02\/KELECIC-Sipak-s-medom-7408-scaled.jpg","datePublished":"2025-02-25T11:29:07+00:00","dateModified":"2025-09-29T06:01:10+00:00","breadcrumb":{"@id":"https:\/\/opg-kelecic.hr\/?product=sipak-s-medom#breadcrumb"},"inLanguage":"hr","potentialAction":[{"@type":"ReadAction","target":["https:\/\/opg-kelecic.hr\/?product=sipak-s-medom"]}]},{"@type":"ImageObject","inLanguage":"hr","@id":"https:\/\/opg-kelecic.hr\/?product=sipak-s-medom#primaryimage","url":"https:\/\/opg-kelecic.hr\/wp-content\/uploads\/2025\/02\/KELECIC-Sipak-s-medom-7408-scaled.jpg","contentUrl":"https:\/\/opg-kelecic.hr\/wp-content\/uploads\/2025\/02\/KELECIC-Sipak-s-medom-7408-scaled.jpg","width":1707,"height":2560},{"@type":"BreadcrumbList","@id":"https:\/\/opg-kelecic.hr\/?product=sipak-s-medom#breadcrumb","itemListElement":[{"@type":"ListItem","position":1,"name":"Po\u010detna stranica","item":"https:\/\/opg-kelecic.hr\/"},{"@type":"ListItem","position":2,"name":"Proizvodi","item":"https:\/\/opg-kelecic.hr\/?page_id=403"},{"@type":"ListItem","position":3,"name":"\u0160ipak s medom"}]},{"@type":"WebSite","@id":"https:\/\/opg-kelecic.hr\/#website","url":"https:\/\/opg-kelecic.hr\/","name":"OPG Kele\u010di\u0107","description":"Obiteljsko poljoprivredno gospodarstvo Kele\u010di\u0107","publisher":{"@id":"https:\/\/opg-kelecic.hr\/#organization"},"potentialAction":[{"@type":"SearchAction","target":{"@type":"EntryPoint","urlTemplate":"https:\/\/opg-kelecic.hr\/?s={search_term_string}"},"query-input":{"@type":"PropertyValueSpecification","valueRequired":true,"valueName":"search_term_string"}}],"inLanguage":"hr"},{"@type":"Organization","@id":"https:\/\/opg-kelecic.hr\/#organization","name":"OPG Kele\u010di\u0107","url":"https:\/\/opg-kelecic.hr\/","logo":{"@type":"ImageObject","inLanguage":"hr","@id":"https:\/\/opg-kelecic.hr\/#\/schema\/logo\/image\/","url":"https:\/\/opg-kelecic.hr\/wp-content\/uploads\/2015\/03\/cropped-logo.jpg","contentUrl":"https:\/\/opg-kelecic.hr\/wp-content\/uploads\/2015\/03\/cropped-logo.jpg","width":684,"height":290,"caption":"OPG Kele\u010di\u0107"},"image":{"@id":"https:\/\/opg-kelecic.hr\/#\/schema\/logo\/image\/"},"sameAs":["https:\/\/www.facebook.com\/p\/OPG-Kelei-100057955245978\/?locale=hr_HR&_rdr"]}]}},"_links":{"self":[{"href":"https:\/\/opg-kelecic.hr\/index.php?rest_route=\/wp\/v2\/product\/329","targetHints":{"allow":["GET"]}}],"collection":[{"href":"https:\/\/opg-kelecic.hr\/index.php?rest_route=\/wp\/v2\/product"}],"about":[{"href":"https:\/\/opg-kelecic.hr\/index.php?rest_route=\/wp\/v2\/types\/product"}],"wp:featuredmedia":[{"embeddable":true,"href":"https:\/\/opg-kelecic.hr\/index.php?rest_route=\/wp\/v2\/media\/634"}],"wp:attachment":[{"href":"https:\/\/opg-kelecic.hr\/index.php?rest_route=%2Fwp%2Fv2%2Fmedia&parent=329"}],"wp:term":[{"taxonomy":"product_brand","embeddable":true,"href":"https:\/\/opg-kelecic.hr\/index.php?rest_route=%2Fwp%2Fv2%2Fproduct_brand&post=329"},{"taxonomy":"product_cat","embeddable":true,"href":"https:\/\/opg-kelecic.hr\/index.php?rest_route=%2Fwp%2Fv2%2Fproduct_cat&post=329"},{"taxonomy":"product_tag","embeddable":true,"href":"https:\/\/opg-kelecic.hr\/index.php?rest_route=%2Fwp%2Fv2%2Fproduct_tag&post=329"}],"curies":[{"name":"wp","href":"https:\/\/api.w.org\/{rel}","templated":true}]}}