{"id":123,"date":"2014-04-01T20:32:29","date_gmt":"2014-04-01T19:32:29","guid":{"rendered":"http:\/\/opg-kelecic.hr\/?page_id=123"},"modified":"2025-02-26T13:37:59","modified_gmt":"2025-02-26T12:37:59","slug":"maslacak","status":"publish","type":"page","link":"https:\/\/opg-kelecic.hr\/?page_id=123","title":{"rendered":"Masla\u010dak"},"content":{"rendered":"<p>Biljka koju nalazimo na ravnicama kao dosadni korov za bolesne je ljude nadasve dragocjena i ljekovita. Cvjeta u travnju i svibnju na livadama i travnjacima. Izbjegava jako vla\u017ene povr\u0161ine. Ima dva istaknuta svojstva: poma\u017ee kod oboljenja \u017eu\u010di i jetre. Sakupljamo listove prije cvjetanja, korijenje u prolje\u0107e ili jesen, stabljike za vrijeme cvjetanja. Cijela je biljka ljekovita. Dijabeti\u010dari bi trebali svaki dan jesti do deset stabljika masla\u010dka dok je u cvatu. Stabljiku operemo zajedno s cvijetom, zatim prvo odstranimo cvjetnu glavicu i polako sa\u017eva\u010demo. Stabljika je u po\u010detku malo gorka, hrskava i so\u010dna i jede se kao endivija. Stalno bolesni ljudi, koji se osje\u0107aju slomljeni i umorni, trebali bi provesti 14-dnevnu kuru sa svje\u017eim stabljikama masla\u010dka. Bit \u0107e iznena\u0111eni s izvrsnim uspjehom. Stabljike poma\u017eu i kod drugih tegoba. Otklanjaju ko\u017eni svrab, li\u0161ajeve i osipe, pobolj\u0161avaju \u017eelu\u010dane sokove i pro\u010di\u0161\u0107uju \u017eeludac od svih nepo\u017eeljnih tvari. Svje\u017ee stabljike mogu bezbolno rastvoriti \u017eu\u010dne kamence, te poti\u010du rad jetre i \u017eu\u010di. Pored mineralnih tvari masla\u010dak sadr\u017ei jo\u0161 i va\u017ene ljekovite i gradbene tvari koje su jako zna\u010dajne za otklanjanje poreme\u0107aja u metabolizmu. Svojim pro\u010di\u0161\u0107avaju\u0107im djelovanjem poma\u017ee kod gihta i reume; oteknu\u0107a \u017elijezda splasnu ako tri do \u010detiri tjedna provodimo kuru sa svje\u017eim stabljikama. Masla\u010dak s uspjehom koristimo i u lije\u010denju \u017eutice i kroni\u010dnih oboljenja slezene. Korijenje masla\u010dka, sirovo, ali i osu\u0161eno, upotrijebljeno kao \u010dajni iscjedak pro\u010di\u0161\u0107uje krv, pospje\u0161uje probavu, znojenje i mokrenje te djeluje okrepljuju\u0107e. \u010cini krv \u017eitkom i odli\u010dno je sredstvo protiv gru\u0161anja krvi.<\/p>\n<p><b><i>\u010caj od masla\u010dka:<\/i><\/b> 1 vrhom punu \u010dajnu \u017eli\u010dicu korijenja ostavimo tijekom no\u0107 u 1\/4 litre hladne vode, sljede\u0107i dan zagrijemo do klju\u010danja i procijedimo. Tu koli\u010dinu podijelimo i popijemo gutljaj po gutljaj pola sata prije i pola sata nakon doru\u010dka.<\/p>\n<p>&nbsp;<\/p>\n<p><b><i>Masla\u010dak u kuhinji:<\/i><\/b> mlade listove sre\u017eemo umije\u0161amo u salatu, napravimo salatu s kuhanim jajima i listovima masla\u010dka. Od cvjetova radi se juha \u2026<\/p>\n<p>&nbsp;<\/p>\n","protected":false},"excerpt":{"rendered":"<p>Biljka koju nalazimo na ravnicama kao dosadni korov za bolesne je ljude nadasve dragocjena i ljekovita. Cvjeta u travnju i svibnju na livadama i travnjacima. Izbjegava jako vla\u017ene povr\u0161ine. Ima dva istaknuta svojstva: poma\u017ee kod oboljenja \u017eu\u010di i jetre. Sakupljamo listove prije cvjetanja, korijenje u prolje\u0107e ili jesen, stabljike za vrijeme cvjetanja. Cijela je biljka [&hellip;]<\/p>\n","protected":false},"author":1,"featured_media":0,"parent":33,"menu_order":0,"comment_status":"closed","ping_status":"closed","template":"","meta":{"footnotes":""},"class_list":["post-123","page","type-page","status-publish","hentry"],"yoast_head":"<!-- This site is optimized with the Yoast SEO plugin v25.2 - https:\/\/yoast.com\/wordpress\/plugins\/seo\/ -->\n<title>Masla\u010dak - OPG Kele\u010di\u0107 OPG Kele\u010di\u0107<\/title>\n<meta name=\"robots\" content=\"index, follow, max-snippet:-1, max-image-preview:large, max-video-preview:-1\" \/>\n<link rel=\"canonical\" href=\"https:\/\/opg-kelecic.hr\/?page_id=123\" \/>\n<meta property=\"og:locale\" content=\"hr_HR\" \/>\n<meta property=\"og:type\" content=\"article\" \/>\n<meta property=\"og:title\" content=\"Masla\u010dak - OPG Kele\u010di\u0107 OPG Kele\u010di\u0107\" \/>\n<meta property=\"og:description\" content=\"Biljka koju nalazimo na ravnicama kao dosadni korov za bolesne je ljude nadasve dragocjena i ljekovita. Cvjeta u travnju i svibnju na livadama i travnjacima. Izbjegava jako vla\u017ene povr\u0161ine. Ima dva istaknuta svojstva: poma\u017ee kod oboljenja \u017eu\u010di i jetre. Sakupljamo listove prije cvjetanja, korijenje u prolje\u0107e ili jesen, stabljike za vrijeme cvjetanja. Cijela je biljka [&hellip;]\" \/>\n<meta property=\"og:url\" content=\"https:\/\/opg-kelecic.hr\/?page_id=123\" \/>\n<meta property=\"og:site_name\" content=\"OPG Kele\u010di\u0107\" \/>\n<meta property=\"article:publisher\" content=\"https:\/\/www.facebook.com\/p\/OPG-Kelei-100057955245978\/?locale=hr_HR&amp;_rdr\" \/>\n<meta property=\"article:modified_time\" content=\"2025-02-26T12:37:59+00:00\" \/>\n<meta name=\"twitter:card\" content=\"summary_large_image\" \/>\n<meta name=\"twitter:label1\" content=\"Procijenjeno vrijeme \u010ditanja\" \/>\n\t<meta name=\"twitter:data1\" content=\"2 minute\" \/>\n<script type=\"application\/ld+json\" class=\"yoast-schema-graph\">{\"@context\":\"https:\/\/schema.org\",\"@graph\":[{\"@type\":\"WebPage\",\"@id\":\"https:\/\/opg-kelecic.hr\/?page_id=123\",\"url\":\"https:\/\/opg-kelecic.hr\/?page_id=123\",\"name\":\"Masla\u010dak - OPG Kele\u010di\u0107 OPG Kele\u010di\u0107\",\"isPartOf\":{\"@id\":\"https:\/\/opg-kelecic.hr\/#website\"},\"datePublished\":\"2014-04-01T19:32:29+00:00\",\"dateModified\":\"2025-02-26T12:37:59+00:00\",\"breadcrumb\":{\"@id\":\"https:\/\/opg-kelecic.hr\/?page_id=123#breadcrumb\"},\"inLanguage\":\"hr\",\"potentialAction\":[{\"@type\":\"ReadAction\",\"target\":[\"https:\/\/opg-kelecic.hr\/?page_id=123\"]}]},{\"@type\":\"BreadcrumbList\",\"@id\":\"https:\/\/opg-kelecic.hr\/?page_id=123#breadcrumb\",\"itemListElement\":[{\"@type\":\"ListItem\",\"position\":1,\"name\":\"Po\u010detna stranica\",\"item\":\"https:\/\/opg-kelecic.hr\/\"},{\"@type\":\"ListItem\",\"position\":2,\"name\":\"O biljkama\",\"item\":\"https:\/\/opg-kelecic.hr\/?page_id=33\"},{\"@type\":\"ListItem\",\"position\":3,\"name\":\"Masla\u010dak\"}]},{\"@type\":\"WebSite\",\"@id\":\"https:\/\/opg-kelecic.hr\/#website\",\"url\":\"https:\/\/opg-kelecic.hr\/\",\"name\":\"OPG Kele\u010di\u0107\",\"description\":\"Obiteljsko poljoprivredno gospodarstvo Kele\u010di\u0107\",\"publisher\":{\"@id\":\"https:\/\/opg-kelecic.hr\/#organization\"},\"potentialAction\":[{\"@type\":\"SearchAction\",\"target\":{\"@type\":\"EntryPoint\",\"urlTemplate\":\"https:\/\/opg-kelecic.hr\/?s={search_term_string}\"},\"query-input\":{\"@type\":\"PropertyValueSpecification\",\"valueRequired\":true,\"valueName\":\"search_term_string\"}}],\"inLanguage\":\"hr\"},{\"@type\":\"Organization\",\"@id\":\"https:\/\/opg-kelecic.hr\/#organization\",\"name\":\"OPG Kele\u010di\u0107\",\"url\":\"https:\/\/opg-kelecic.hr\/\",\"logo\":{\"@type\":\"ImageObject\",\"inLanguage\":\"hr\",\"@id\":\"https:\/\/opg-kelecic.hr\/#\/schema\/logo\/image\/\",\"url\":\"https:\/\/opg-kelecic.hr\/wp-content\/uploads\/2015\/03\/cropped-logo.jpg\",\"contentUrl\":\"https:\/\/opg-kelecic.hr\/wp-content\/uploads\/2015\/03\/cropped-logo.jpg\",\"width\":684,\"height\":290,\"caption\":\"OPG Kele\u010di\u0107\"},\"image\":{\"@id\":\"https:\/\/opg-kelecic.hr\/#\/schema\/logo\/image\/\"},\"sameAs\":[\"https:\/\/www.facebook.com\/p\/OPG-Kelei-100057955245978\/?locale=hr_HR&_rdr\"]}]}<\/script>\n<!-- \/ Yoast SEO plugin. -->","yoast_head_json":{"title":"Masla\u010dak - OPG Kele\u010di\u0107 OPG Kele\u010di\u0107","robots":{"index":"index","follow":"follow","max-snippet":"max-snippet:-1","max-image-preview":"max-image-preview:large","max-video-preview":"max-video-preview:-1"},"canonical":"https:\/\/opg-kelecic.hr\/?page_id=123","og_locale":"hr_HR","og_type":"article","og_title":"Masla\u010dak - OPG Kele\u010di\u0107 OPG Kele\u010di\u0107","og_description":"Biljka koju nalazimo na ravnicama kao dosadni korov za bolesne je ljude nadasve dragocjena i ljekovita. Cvjeta u travnju i svibnju na livadama i travnjacima. Izbjegava jako vla\u017ene povr\u0161ine. Ima dva istaknuta svojstva: poma\u017ee kod oboljenja \u017eu\u010di i jetre. Sakupljamo listove prije cvjetanja, korijenje u prolje\u0107e ili jesen, stabljike za vrijeme cvjetanja. Cijela je biljka [&hellip;]","og_url":"https:\/\/opg-kelecic.hr\/?page_id=123","og_site_name":"OPG Kele\u010di\u0107","article_publisher":"https:\/\/www.facebook.com\/p\/OPG-Kelei-100057955245978\/?locale=hr_HR&_rdr","article_modified_time":"2025-02-26T12:37:59+00:00","twitter_card":"summary_large_image","twitter_misc":{"Procijenjeno vrijeme \u010ditanja":"2 minute"},"schema":{"@context":"https:\/\/schema.org","@graph":[{"@type":"WebPage","@id":"https:\/\/opg-kelecic.hr\/?page_id=123","url":"https:\/\/opg-kelecic.hr\/?page_id=123","name":"Masla\u010dak - OPG Kele\u010di\u0107 OPG Kele\u010di\u0107","isPartOf":{"@id":"https:\/\/opg-kelecic.hr\/#website"},"datePublished":"2014-04-01T19:32:29+00:00","dateModified":"2025-02-26T12:37:59+00:00","breadcrumb":{"@id":"https:\/\/opg-kelecic.hr\/?page_id=123#breadcrumb"},"inLanguage":"hr","potentialAction":[{"@type":"ReadAction","target":["https:\/\/opg-kelecic.hr\/?page_id=123"]}]},{"@type":"BreadcrumbList","@id":"https:\/\/opg-kelecic.hr\/?page_id=123#breadcrumb","itemListElement":[{"@type":"ListItem","position":1,"name":"Po\u010detna stranica","item":"https:\/\/opg-kelecic.hr\/"},{"@type":"ListItem","position":2,"name":"O biljkama","item":"https:\/\/opg-kelecic.hr\/?page_id=33"},{"@type":"ListItem","position":3,"name":"Masla\u010dak"}]},{"@type":"WebSite","@id":"https:\/\/opg-kelecic.hr\/#website","url":"https:\/\/opg-kelecic.hr\/","name":"OPG Kele\u010di\u0107","description":"Obiteljsko poljoprivredno gospodarstvo Kele\u010di\u0107","publisher":{"@id":"https:\/\/opg-kelecic.hr\/#organization"},"potentialAction":[{"@type":"SearchAction","target":{"@type":"EntryPoint","urlTemplate":"https:\/\/opg-kelecic.hr\/?s={search_term_string}"},"query-input":{"@type":"PropertyValueSpecification","valueRequired":true,"valueName":"search_term_string"}}],"inLanguage":"hr"},{"@type":"Organization","@id":"https:\/\/opg-kelecic.hr\/#organization","name":"OPG Kele\u010di\u0107","url":"https:\/\/opg-kelecic.hr\/","logo":{"@type":"ImageObject","inLanguage":"hr","@id":"https:\/\/opg-kelecic.hr\/#\/schema\/logo\/image\/","url":"https:\/\/opg-kelecic.hr\/wp-content\/uploads\/2015\/03\/cropped-logo.jpg","contentUrl":"https:\/\/opg-kelecic.hr\/wp-content\/uploads\/2015\/03\/cropped-logo.jpg","width":684,"height":290,"caption":"OPG Kele\u010di\u0107"},"image":{"@id":"https:\/\/opg-kelecic.hr\/#\/schema\/logo\/image\/"},"sameAs":["https:\/\/www.facebook.com\/p\/OPG-Kelei-100057955245978\/?locale=hr_HR&_rdr"]}]}},"featured_image_src":null,"featured_image_src_square":null,"_links":{"self":[{"href":"https:\/\/opg-kelecic.hr\/index.php?rest_route=\/wp\/v2\/pages\/123","targetHints":{"allow":["GET"]}}],"collection":[{"href":"https:\/\/opg-kelecic.hr\/index.php?rest_route=\/wp\/v2\/pages"}],"about":[{"href":"https:\/\/opg-kelecic.hr\/index.php?rest_route=\/wp\/v2\/types\/page"}],"author":[{"embeddable":true,"href":"https:\/\/opg-kelecic.hr\/index.php?rest_route=\/wp\/v2\/users\/1"}],"replies":[{"embeddable":true,"href":"https:\/\/opg-kelecic.hr\/index.php?rest_route=%2Fwp%2Fv2%2Fcomments&post=123"}],"version-history":[{"count":1,"href":"https:\/\/opg-kelecic.hr\/index.php?rest_route=\/wp\/v2\/pages\/123\/revisions"}],"predecessor-version":[{"id":124,"href":"https:\/\/opg-kelecic.hr\/index.php?rest_route=\/wp\/v2\/pages\/123\/revisions\/124"}],"up":[{"embeddable":true,"href":"https:\/\/opg-kelecic.hr\/index.php?rest_route=\/wp\/v2\/pages\/33"}],"wp:attachment":[{"href":"https:\/\/opg-kelecic.hr\/index.php?rest_route=%2Fwp%2Fv2%2Fmedia&parent=123"}],"curies":[{"name":"wp","href":"https:\/\/api.w.org\/{rel}","templated":true}]}}