{"id":121,"date":"2014-04-01T20:32:03","date_gmt":"2014-04-01T19:32:03","guid":{"rendered":"http:\/\/opg-kelecic.hr\/?page_id=121"},"modified":"2025-02-26T13:37:47","modified_gmt":"2025-02-26T12:37:47","slug":"kopriva","status":"publish","type":"page","link":"https:\/\/opg-kelecic.hr\/?page_id=121","title":{"rendered":"Kopriva"},"content":{"rendered":"<h3>Kopriva je puna \u017eeljeza i vitamina<\/h3>\n<p>Koprivi se moramo pokloniti jer je jako ljekovita biljka koja sadr\u017ei velike koli\u010dine vitamina (osobito A, C, B2), mineralne soli, biljne hormone i enzim sekretin te je zato odli\u010dna za proljetne i jesenske kure \u010di\u0161\u0107enja. Njome se, zbog obilja \u017eeljeza, otklanja stanje poti\u0161tenosti i osje\u0107aj umora, ali i pridonosi stvaranju crvenih krvnih zrnaca \u0161to olak\u0161ava opskrbu tijela kisikom i otklanja slabokrvnost. Kopriva blago pospje\u0161uje rad gu\u0161tera\u010de i izlu\u010divanje inzulina pa tako smanjuje \u0161e\u0107er u krvi, dobra je kod tegoba respiratornog sustava (smiruje ka\u0161alj, blagotvorno djeluje na iska\u0161ljavanje, bronhitis i prehladu), poti\u010de cirkulaciju krvi ( po\u017eeljna je kod arterioskleroze, tegoba s venama, hemeroidima). Nadalje \u010disti krv, njezin \u010daj smiruje upale ko\u017ee i sluznice ( sluznica \u017eeluca, sluznica crijeva, ko\u017ene upalne bolesti, infekcije, ekcemi i osipi), pospje\u0161uje rad bubrega (to ve\u0107 svi znamo), poma\u017ee kod vrtoglavica i slabosti, izlu\u010duje vodu i mokra\u0107u iz tijela, poma\u017ee kod urinarnih infekcija, op\u0107enito jako povoljno djeluje na cjelokupni imunitet tijela (bilo da je rije\u010d o virusnim, bakterijskim, gljivi\u010dnim ili alergolo\u0161kim poreme\u0107ajima). Kopriva op\u0107enito popravlja krvnu sliku i tako regenerira organe do kojih dolazi ta \u201enova\u201d,\u201dsvje\u017ea\u201d krv, djeluje i na genitalne organe a posebno je poznata njena upotreba kod tegoba s prostatom. Donekle \u0107e pomo\u0107i i kod pretjeranih krvarenja.<\/p>\n<p>Ne \u010dekajte dugo ve\u0107 u prolje\u0107e kada ni\u010du tek mladi izbojci kopriva koji su najbogatiji udjelom C vitamina, oti\u0111ite u prirodu ubrati prve mlade listove.<\/p>\n<p>Snaga tek izniklog mladog bilja koje je tijekom zime grijala utroba zemlje, mo\u0107ni je eliksir zdravlja koji, uziman i stavljan u redovite obroke poput juha ili variva, mo\u017ee oja\u010dati imunitet, popraviti op\u0107e stanje malaksalosti i utjecati na krvnu sliku, te na va\u0161 ten, sjaj ko\u017ee i kose.<\/p>\n<h3>\u010caj od koprive<\/h3>\n<p>U prolje\u0107e je po\u017eeljno, nakon zimskog mirovanja, provesti \u010di\u0161\u0107enje organizma. Najjednostavnije je to u\u010diniti s \u010dajem koji je koristan kod ko\u017enih bolesti, bubuljica i akni, a preporu\u010duje se i kod pojave afti i upale desni. Zbog visokog udjela kalija, \u010daj djeluje diuretski, zbog \u010dega se koristi u lije\u010denju upale mokra\u0107nih puteva.<\/p>\n<p>\u010caj se sprema od su\u0161enih listova i koristan je za zdravlje cijelog organizma.<\/p>\n<p><strong>\u010caj za ja\u010danje imuniteta (kod prehlada, hunjavice, gripe\u2026)<\/strong><br \/>\n2 \u010dajne \u017eli\u010dice suhoga lista prelijete s 2 do 3 dcl vru\u0107e vode. \u010caj pustiti da odstoji 5-10 minuta i zatim ga ocije\u0111enog piti. Ako postoje kakve plu\u0107ne tegobe dodati u \u010daj \u017eli\u010dicu meda.<\/p>\n<p><strong>\u010caj za sjaj kose, ja\u010danje vlasi\u0161ta i protiv peruti<\/strong><br \/>\n3-4 \u017elice suhoga lista preliti litrom i pol vode (mo\u017eete napraviti i mje\u0161avinu sa\u010dinjenu od 3 \u017elice suhog lista i 1 \u017elice korijena koprive). Ostaviti \u010daj da odstoji\u00a0 oko 15 min, a zatim ga procijediti. Kada je ohla\u0111en ili mlak, lagano ga umasirajte u vlasi\u0161te i potom dobro isperite.<br \/>\n<b><br \/>\n<strong>NUSPOJAVE:<\/strong><\/b> Kopriva se ne preporu\u010duje sr\u010danim bolesnicima i osobama s o\u0161te\u0107enim bubrezima. Uzimana u ve\u0107im dozama, mo\u017ee izazvati probavne tegobe i crvenilo ko\u017ee. Pri duljoj uporabi kopriva utje\u010de na gubitak kalija u tijelu, \u0161to mo\u017eete nadoknaditi prehranom bogatom kalijem.<\/p>\n<p><strong>Biljno gnojivo od koprive: <\/strong>1 kg svje\u017ee ili 300 g suhe biljke preliti s 10 litara kipu\u0107e vode, ostaviti par dana kroz koje \u0107e pripravak provrijeti. Sna\u017eno smrdi, ali je vrlo djelotvorno. Mo\u017ee se u njega dodati i gavez, preslicu i dr biljke. Postoje razli\u010dite varijante ovog pripravka ali gdje god je koprive od davnina se koristi neka od ina\u010dica ovog recepta. U nekim krajevima se odvoji teku\u0107i dio od taloga, negdje se samo nadodaje nova kopriva i nova voda ali svagdje se posebna pa\u017enja posve\u0107uje razrje\u0111ivanju. Prejako gnojivo ( makar bilo i biljno) mo\u017ee spaliti biljke. Osnovno razrje\u0111ivanje (za zalijevanje zemlje\/po zemlji) je 1 l teku\u0107eg gnojiva razrije\u0111ena s 10 l vode, ako se razrijedi 1 l gnojiva sa 50 l vode time se dobiva gnojivo koje mo\u017eemo prskati po listovima. Ako uzmemo teku\u0107inu tek pristavljenog pripravka unutar 24 h ( od kada smo potopili svje\u017eu \/suhu koprivu sa vodom) dobivamo prirodni insekticid. Njime treba vi\u0161e puta u toku dana \u0161pricati napadnute biljke.<\/p>\n","protected":false},"excerpt":{"rendered":"<p>Kopriva je puna \u017eeljeza i vitamina Koprivi se moramo pokloniti jer je jako ljekovita biljka koja sadr\u017ei velike koli\u010dine vitamina (osobito A, C, B2), mineralne soli, biljne hormone i enzim sekretin te je zato odli\u010dna za proljetne i jesenske kure \u010di\u0161\u0107enja. Njome se, zbog obilja \u017eeljeza, otklanja stanje poti\u0161tenosti i osje\u0107aj umora, ali i pridonosi [&hellip;]<\/p>\n","protected":false},"author":1,"featured_media":0,"parent":33,"menu_order":0,"comment_status":"closed","ping_status":"closed","template":"","meta":{"footnotes":""},"class_list":["post-121","page","type-page","status-publish","hentry"],"yoast_head":"<!-- This site is optimized with the Yoast SEO plugin v25.2 - https:\/\/yoast.com\/wordpress\/plugins\/seo\/ -->\n<title>Kopriva - OPG Kele\u010di\u0107 OPG Kele\u010di\u0107<\/title>\n<meta name=\"robots\" content=\"index, follow, max-snippet:-1, max-image-preview:large, max-video-preview:-1\" \/>\n<link rel=\"canonical\" href=\"https:\/\/opg-kelecic.hr\/?page_id=121\" \/>\n<meta property=\"og:locale\" content=\"hr_HR\" \/>\n<meta property=\"og:type\" content=\"article\" \/>\n<meta property=\"og:title\" content=\"Kopriva - OPG Kele\u010di\u0107 OPG Kele\u010di\u0107\" \/>\n<meta property=\"og:description\" content=\"Kopriva je puna \u017eeljeza i vitamina Koprivi se moramo pokloniti jer je jako ljekovita biljka koja sadr\u017ei velike koli\u010dine vitamina (osobito A, C, B2), mineralne soli, biljne hormone i enzim sekretin te je zato odli\u010dna za proljetne i jesenske kure \u010di\u0161\u0107enja. Njome se, zbog obilja \u017eeljeza, otklanja stanje poti\u0161tenosti i osje\u0107aj umora, ali i pridonosi [&hellip;]\" \/>\n<meta property=\"og:url\" content=\"https:\/\/opg-kelecic.hr\/?page_id=121\" \/>\n<meta property=\"og:site_name\" content=\"OPG Kele\u010di\u0107\" \/>\n<meta property=\"article:publisher\" content=\"https:\/\/www.facebook.com\/p\/OPG-Kelei-100057955245978\/?locale=hr_HR&amp;_rdr\" \/>\n<meta property=\"article:modified_time\" content=\"2025-02-26T12:37:47+00:00\" \/>\n<meta name=\"twitter:card\" content=\"summary_large_image\" \/>\n<meta name=\"twitter:label1\" content=\"Procijenjeno vrijeme \u010ditanja\" \/>\n\t<meta name=\"twitter:data1\" content=\"4 minute\" \/>\n<script type=\"application\/ld+json\" class=\"yoast-schema-graph\">{\"@context\":\"https:\/\/schema.org\",\"@graph\":[{\"@type\":\"WebPage\",\"@id\":\"https:\/\/opg-kelecic.hr\/?page_id=121\",\"url\":\"https:\/\/opg-kelecic.hr\/?page_id=121\",\"name\":\"Kopriva - OPG Kele\u010di\u0107 OPG Kele\u010di\u0107\",\"isPartOf\":{\"@id\":\"https:\/\/opg-kelecic.hr\/#website\"},\"datePublished\":\"2014-04-01T19:32:03+00:00\",\"dateModified\":\"2025-02-26T12:37:47+00:00\",\"breadcrumb\":{\"@id\":\"https:\/\/opg-kelecic.hr\/?page_id=121#breadcrumb\"},\"inLanguage\":\"hr\",\"potentialAction\":[{\"@type\":\"ReadAction\",\"target\":[\"https:\/\/opg-kelecic.hr\/?page_id=121\"]}]},{\"@type\":\"BreadcrumbList\",\"@id\":\"https:\/\/opg-kelecic.hr\/?page_id=121#breadcrumb\",\"itemListElement\":[{\"@type\":\"ListItem\",\"position\":1,\"name\":\"Po\u010detna stranica\",\"item\":\"https:\/\/opg-kelecic.hr\/\"},{\"@type\":\"ListItem\",\"position\":2,\"name\":\"O biljkama\",\"item\":\"https:\/\/opg-kelecic.hr\/?page_id=33\"},{\"@type\":\"ListItem\",\"position\":3,\"name\":\"Kopriva\"}]},{\"@type\":\"WebSite\",\"@id\":\"https:\/\/opg-kelecic.hr\/#website\",\"url\":\"https:\/\/opg-kelecic.hr\/\",\"name\":\"OPG Kele\u010di\u0107\",\"description\":\"Obiteljsko poljoprivredno gospodarstvo Kele\u010di\u0107\",\"publisher\":{\"@id\":\"https:\/\/opg-kelecic.hr\/#organization\"},\"potentialAction\":[{\"@type\":\"SearchAction\",\"target\":{\"@type\":\"EntryPoint\",\"urlTemplate\":\"https:\/\/opg-kelecic.hr\/?s={search_term_string}\"},\"query-input\":{\"@type\":\"PropertyValueSpecification\",\"valueRequired\":true,\"valueName\":\"search_term_string\"}}],\"inLanguage\":\"hr\"},{\"@type\":\"Organization\",\"@id\":\"https:\/\/opg-kelecic.hr\/#organization\",\"name\":\"OPG Kele\u010di\u0107\",\"url\":\"https:\/\/opg-kelecic.hr\/\",\"logo\":{\"@type\":\"ImageObject\",\"inLanguage\":\"hr\",\"@id\":\"https:\/\/opg-kelecic.hr\/#\/schema\/logo\/image\/\",\"url\":\"https:\/\/opg-kelecic.hr\/wp-content\/uploads\/2015\/03\/cropped-logo.jpg\",\"contentUrl\":\"https:\/\/opg-kelecic.hr\/wp-content\/uploads\/2015\/03\/cropped-logo.jpg\",\"width\":684,\"height\":290,\"caption\":\"OPG Kele\u010di\u0107\"},\"image\":{\"@id\":\"https:\/\/opg-kelecic.hr\/#\/schema\/logo\/image\/\"},\"sameAs\":[\"https:\/\/www.facebook.com\/p\/OPG-Kelei-100057955245978\/?locale=hr_HR&_rdr\"]}]}<\/script>\n<!-- \/ Yoast SEO plugin. -->","yoast_head_json":{"title":"Kopriva - OPG Kele\u010di\u0107 OPG Kele\u010di\u0107","robots":{"index":"index","follow":"follow","max-snippet":"max-snippet:-1","max-image-preview":"max-image-preview:large","max-video-preview":"max-video-preview:-1"},"canonical":"https:\/\/opg-kelecic.hr\/?page_id=121","og_locale":"hr_HR","og_type":"article","og_title":"Kopriva - OPG Kele\u010di\u0107 OPG Kele\u010di\u0107","og_description":"Kopriva je puna \u017eeljeza i vitamina Koprivi se moramo pokloniti jer je jako ljekovita biljka koja sadr\u017ei velike koli\u010dine vitamina (osobito A, C, B2), mineralne soli, biljne hormone i enzim sekretin te je zato odli\u010dna za proljetne i jesenske kure \u010di\u0161\u0107enja. Njome se, zbog obilja \u017eeljeza, otklanja stanje poti\u0161tenosti i osje\u0107aj umora, ali i pridonosi [&hellip;]","og_url":"https:\/\/opg-kelecic.hr\/?page_id=121","og_site_name":"OPG Kele\u010di\u0107","article_publisher":"https:\/\/www.facebook.com\/p\/OPG-Kelei-100057955245978\/?locale=hr_HR&_rdr","article_modified_time":"2025-02-26T12:37:47+00:00","twitter_card":"summary_large_image","twitter_misc":{"Procijenjeno vrijeme \u010ditanja":"4 minute"},"schema":{"@context":"https:\/\/schema.org","@graph":[{"@type":"WebPage","@id":"https:\/\/opg-kelecic.hr\/?page_id=121","url":"https:\/\/opg-kelecic.hr\/?page_id=121","name":"Kopriva - OPG Kele\u010di\u0107 OPG Kele\u010di\u0107","isPartOf":{"@id":"https:\/\/opg-kelecic.hr\/#website"},"datePublished":"2014-04-01T19:32:03+00:00","dateModified":"2025-02-26T12:37:47+00:00","breadcrumb":{"@id":"https:\/\/opg-kelecic.hr\/?page_id=121#breadcrumb"},"inLanguage":"hr","potentialAction":[{"@type":"ReadAction","target":["https:\/\/opg-kelecic.hr\/?page_id=121"]}]},{"@type":"BreadcrumbList","@id":"https:\/\/opg-kelecic.hr\/?page_id=121#breadcrumb","itemListElement":[{"@type":"ListItem","position":1,"name":"Po\u010detna stranica","item":"https:\/\/opg-kelecic.hr\/"},{"@type":"ListItem","position":2,"name":"O biljkama","item":"https:\/\/opg-kelecic.hr\/?page_id=33"},{"@type":"ListItem","position":3,"name":"Kopriva"}]},{"@type":"WebSite","@id":"https:\/\/opg-kelecic.hr\/#website","url":"https:\/\/opg-kelecic.hr\/","name":"OPG Kele\u010di\u0107","description":"Obiteljsko poljoprivredno gospodarstvo Kele\u010di\u0107","publisher":{"@id":"https:\/\/opg-kelecic.hr\/#organization"},"potentialAction":[{"@type":"SearchAction","target":{"@type":"EntryPoint","urlTemplate":"https:\/\/opg-kelecic.hr\/?s={search_term_string}"},"query-input":{"@type":"PropertyValueSpecification","valueRequired":true,"valueName":"search_term_string"}}],"inLanguage":"hr"},{"@type":"Organization","@id":"https:\/\/opg-kelecic.hr\/#organization","name":"OPG Kele\u010di\u0107","url":"https:\/\/opg-kelecic.hr\/","logo":{"@type":"ImageObject","inLanguage":"hr","@id":"https:\/\/opg-kelecic.hr\/#\/schema\/logo\/image\/","url":"https:\/\/opg-kelecic.hr\/wp-content\/uploads\/2015\/03\/cropped-logo.jpg","contentUrl":"https:\/\/opg-kelecic.hr\/wp-content\/uploads\/2015\/03\/cropped-logo.jpg","width":684,"height":290,"caption":"OPG Kele\u010di\u0107"},"image":{"@id":"https:\/\/opg-kelecic.hr\/#\/schema\/logo\/image\/"},"sameAs":["https:\/\/www.facebook.com\/p\/OPG-Kelei-100057955245978\/?locale=hr_HR&_rdr"]}]}},"featured_image_src":null,"featured_image_src_square":null,"_links":{"self":[{"href":"https:\/\/opg-kelecic.hr\/index.php?rest_route=\/wp\/v2\/pages\/121","targetHints":{"allow":["GET"]}}],"collection":[{"href":"https:\/\/opg-kelecic.hr\/index.php?rest_route=\/wp\/v2\/pages"}],"about":[{"href":"https:\/\/opg-kelecic.hr\/index.php?rest_route=\/wp\/v2\/types\/page"}],"author":[{"embeddable":true,"href":"https:\/\/opg-kelecic.hr\/index.php?rest_route=\/wp\/v2\/users\/1"}],"replies":[{"embeddable":true,"href":"https:\/\/opg-kelecic.hr\/index.php?rest_route=%2Fwp%2Fv2%2Fcomments&post=121"}],"version-history":[{"count":2,"href":"https:\/\/opg-kelecic.hr\/index.php?rest_route=\/wp\/v2\/pages\/121\/revisions"}],"predecessor-version":[{"id":236,"href":"https:\/\/opg-kelecic.hr\/index.php?rest_route=\/wp\/v2\/pages\/121\/revisions\/236"}],"up":[{"embeddable":true,"href":"https:\/\/opg-kelecic.hr\/index.php?rest_route=\/wp\/v2\/pages\/33"}],"wp:attachment":[{"href":"https:\/\/opg-kelecic.hr\/index.php?rest_route=%2Fwp%2Fv2%2Fmedia&parent=121"}],"curies":[{"name":"wp","href":"https:\/\/api.w.org\/{rel}","templated":true}]}}