{"id":110,"date":"2014-04-01T20:26:23","date_gmt":"2014-04-01T19:26:23","guid":{"rendered":"http:\/\/opg-kelecic.hr\/?page_id=110"},"modified":"2025-02-26T13:37:32","modified_gmt":"2025-02-26T12:37:32","slug":"bazga","status":"publish","type":"page","link":"https:\/\/opg-kelecic.hr\/?page_id=110","title":{"rendered":"Bazga"},"content":{"rendered":"<p><b>Cvjetovi bazge<\/b> su bogati glikozidima, taninima, flavonoidima, karotenima, rutinom i vitaminom C. Bobice bazge sadr\u017ee alkaloide, karotene, tanine, organske kiseline i vitamine A, B i C. Pretpostavlja se da su flavonoidi koje sadr\u017ei bazga odgovorni za ve\u0107inu njezinih ljekovitih svojstava. <b>Flavonoidi su mo\u0107ni antioksidansi koji \u0161tite na\u0161e stanice od o\u0161te\u0107enja.<\/b> Zbog toga bazga se koristi u lije\u010denju <b>degenerativnih bolesti<\/b> i kao <b>prevencija karcinoma<\/b>. Veliki je saveznik u spre\u010davanju <b>gripe i prehlade<\/b> jer ja\u010da imunitet.<\/p>\n<p><b>Sirup od bobica bazge<\/b> jedan je od naju\u010dinkovitijih prirodnih pomaga\u010da kod viroze i gripe. Bobice bazge bogate su antioksidansima, ja\u010daju imunitet, pune su vitamina (osobito Vitamina C) i minerala.<b> Zrele bobice<\/b> sadr\u017ee mnoge ljekovite tvari: jabu\u010dnu, valerijansku i taninsku kiselinu, gorke tvari, eteri\u010dno ulje, \u0161e\u0107er, vosak, gumu, smolu i vitamine A-1, B, B-1, B-2 i C kao i novootkriveni vitamin J. Taj posljednji vitamin ima naro\u010ditu mo\u0107 spre\u010davanja upale plu\u0107a pa ga treba obilno davati onima koji imaju osjetljiva plu\u0107a ili boluju od plu\u0107ne tuberkuloze. U bobicama bazge naro\u010dito je sadr\u017ean vitamin B-1 (tijamin, aneurin). <b><\/b><\/p>\n<p><b>Terjak<\/b> je pripravak od bobica bazge koji sli\u010di na \u010dvrstu marmeladu od bazge, ali se koristi prvenstveno za \u010daj. Stavlja se <b>1 \u017eli\u010dica smjese u 2 dcl vru\u0107e vode i dobije se vrlo ukusan, crni, topli napitak<\/b> koji se u koristi kod respiratornih infekcija &#8211; od prehlade do upale plu\u0107a. Mo\u017ee se koristiti kao \u0111em ili nadjev za fine kola\u010di\u0107e.<\/p>\n","protected":false},"excerpt":{"rendered":"<p>Cvjetovi bazge su bogati glikozidima, taninima, flavonoidima, karotenima, rutinom i vitaminom C. Bobice bazge sadr\u017ee alkaloide, karotene, tanine, organske kiseline i vitamine A, B i C. Pretpostavlja se da su flavonoidi koje sadr\u017ei bazga odgovorni za ve\u0107inu njezinih ljekovitih svojstava. Flavonoidi su mo\u0107ni antioksidansi koji \u0161tite na\u0161e stanice od o\u0161te\u0107enja. Zbog toga bazga se koristi [&hellip;]<\/p>\n","protected":false},"author":1,"featured_media":0,"parent":33,"menu_order":0,"comment_status":"closed","ping_status":"closed","template":"","meta":{"footnotes":""},"class_list":["post-110","page","type-page","status-publish","hentry"],"yoast_head":"<!-- This site is optimized with the Yoast SEO plugin v25.2 - https:\/\/yoast.com\/wordpress\/plugins\/seo\/ -->\n<title>Bazga - OPG Kele\u010di\u0107 OPG Kele\u010di\u0107<\/title>\n<meta name=\"robots\" content=\"index, follow, max-snippet:-1, max-image-preview:large, max-video-preview:-1\" \/>\n<link rel=\"canonical\" href=\"https:\/\/opg-kelecic.hr\/?page_id=110\" \/>\n<meta property=\"og:locale\" content=\"hr_HR\" \/>\n<meta property=\"og:type\" content=\"article\" \/>\n<meta property=\"og:title\" content=\"Bazga - OPG Kele\u010di\u0107 OPG Kele\u010di\u0107\" \/>\n<meta property=\"og:description\" content=\"Cvjetovi bazge su bogati glikozidima, taninima, flavonoidima, karotenima, rutinom i vitaminom C. Bobice bazge sadr\u017ee alkaloide, karotene, tanine, organske kiseline i vitamine A, B i C. Pretpostavlja se da su flavonoidi koje sadr\u017ei bazga odgovorni za ve\u0107inu njezinih ljekovitih svojstava. Flavonoidi su mo\u0107ni antioksidansi koji \u0161tite na\u0161e stanice od o\u0161te\u0107enja. Zbog toga bazga se koristi [&hellip;]\" \/>\n<meta property=\"og:url\" content=\"https:\/\/opg-kelecic.hr\/?page_id=110\" \/>\n<meta property=\"og:site_name\" content=\"OPG Kele\u010di\u0107\" \/>\n<meta property=\"article:publisher\" content=\"https:\/\/www.facebook.com\/p\/OPG-Kelei-100057955245978\/?locale=hr_HR&amp;_rdr\" \/>\n<meta property=\"article:modified_time\" content=\"2025-02-26T12:37:32+00:00\" \/>\n<meta name=\"twitter:card\" content=\"summary_large_image\" \/>\n<meta name=\"twitter:label1\" content=\"Procijenjeno vrijeme \u010ditanja\" \/>\n\t<meta name=\"twitter:data1\" content=\"1 minuta\" \/>\n<script type=\"application\/ld+json\" class=\"yoast-schema-graph\">{\"@context\":\"https:\/\/schema.org\",\"@graph\":[{\"@type\":\"WebPage\",\"@id\":\"https:\/\/opg-kelecic.hr\/?page_id=110\",\"url\":\"https:\/\/opg-kelecic.hr\/?page_id=110\",\"name\":\"Bazga - OPG Kele\u010di\u0107 OPG Kele\u010di\u0107\",\"isPartOf\":{\"@id\":\"https:\/\/opg-kelecic.hr\/#website\"},\"datePublished\":\"2014-04-01T19:26:23+00:00\",\"dateModified\":\"2025-02-26T12:37:32+00:00\",\"breadcrumb\":{\"@id\":\"https:\/\/opg-kelecic.hr\/?page_id=110#breadcrumb\"},\"inLanguage\":\"hr\",\"potentialAction\":[{\"@type\":\"ReadAction\",\"target\":[\"https:\/\/opg-kelecic.hr\/?page_id=110\"]}]},{\"@type\":\"BreadcrumbList\",\"@id\":\"https:\/\/opg-kelecic.hr\/?page_id=110#breadcrumb\",\"itemListElement\":[{\"@type\":\"ListItem\",\"position\":1,\"name\":\"Po\u010detna stranica\",\"item\":\"https:\/\/opg-kelecic.hr\/\"},{\"@type\":\"ListItem\",\"position\":2,\"name\":\"O biljkama\",\"item\":\"https:\/\/opg-kelecic.hr\/?page_id=33\"},{\"@type\":\"ListItem\",\"position\":3,\"name\":\"Bazga\"}]},{\"@type\":\"WebSite\",\"@id\":\"https:\/\/opg-kelecic.hr\/#website\",\"url\":\"https:\/\/opg-kelecic.hr\/\",\"name\":\"OPG Kele\u010di\u0107\",\"description\":\"Obiteljsko poljoprivredno gospodarstvo Kele\u010di\u0107\",\"publisher\":{\"@id\":\"https:\/\/opg-kelecic.hr\/#organization\"},\"potentialAction\":[{\"@type\":\"SearchAction\",\"target\":{\"@type\":\"EntryPoint\",\"urlTemplate\":\"https:\/\/opg-kelecic.hr\/?s={search_term_string}\"},\"query-input\":{\"@type\":\"PropertyValueSpecification\",\"valueRequired\":true,\"valueName\":\"search_term_string\"}}],\"inLanguage\":\"hr\"},{\"@type\":\"Organization\",\"@id\":\"https:\/\/opg-kelecic.hr\/#organization\",\"name\":\"OPG Kele\u010di\u0107\",\"url\":\"https:\/\/opg-kelecic.hr\/\",\"logo\":{\"@type\":\"ImageObject\",\"inLanguage\":\"hr\",\"@id\":\"https:\/\/opg-kelecic.hr\/#\/schema\/logo\/image\/\",\"url\":\"https:\/\/opg-kelecic.hr\/wp-content\/uploads\/2015\/03\/cropped-logo.jpg\",\"contentUrl\":\"https:\/\/opg-kelecic.hr\/wp-content\/uploads\/2015\/03\/cropped-logo.jpg\",\"width\":684,\"height\":290,\"caption\":\"OPG Kele\u010di\u0107\"},\"image\":{\"@id\":\"https:\/\/opg-kelecic.hr\/#\/schema\/logo\/image\/\"},\"sameAs\":[\"https:\/\/www.facebook.com\/p\/OPG-Kelei-100057955245978\/?locale=hr_HR&_rdr\"]}]}<\/script>\n<!-- \/ Yoast SEO plugin. -->","yoast_head_json":{"title":"Bazga - OPG Kele\u010di\u0107 OPG Kele\u010di\u0107","robots":{"index":"index","follow":"follow","max-snippet":"max-snippet:-1","max-image-preview":"max-image-preview:large","max-video-preview":"max-video-preview:-1"},"canonical":"https:\/\/opg-kelecic.hr\/?page_id=110","og_locale":"hr_HR","og_type":"article","og_title":"Bazga - OPG Kele\u010di\u0107 OPG Kele\u010di\u0107","og_description":"Cvjetovi bazge su bogati glikozidima, taninima, flavonoidima, karotenima, rutinom i vitaminom C. Bobice bazge sadr\u017ee alkaloide, karotene, tanine, organske kiseline i vitamine A, B i C. Pretpostavlja se da su flavonoidi koje sadr\u017ei bazga odgovorni za ve\u0107inu njezinih ljekovitih svojstava. Flavonoidi su mo\u0107ni antioksidansi koji \u0161tite na\u0161e stanice od o\u0161te\u0107enja. Zbog toga bazga se koristi [&hellip;]","og_url":"https:\/\/opg-kelecic.hr\/?page_id=110","og_site_name":"OPG Kele\u010di\u0107","article_publisher":"https:\/\/www.facebook.com\/p\/OPG-Kelei-100057955245978\/?locale=hr_HR&_rdr","article_modified_time":"2025-02-26T12:37:32+00:00","twitter_card":"summary_large_image","twitter_misc":{"Procijenjeno vrijeme \u010ditanja":"1 minuta"},"schema":{"@context":"https:\/\/schema.org","@graph":[{"@type":"WebPage","@id":"https:\/\/opg-kelecic.hr\/?page_id=110","url":"https:\/\/opg-kelecic.hr\/?page_id=110","name":"Bazga - OPG Kele\u010di\u0107 OPG Kele\u010di\u0107","isPartOf":{"@id":"https:\/\/opg-kelecic.hr\/#website"},"datePublished":"2014-04-01T19:26:23+00:00","dateModified":"2025-02-26T12:37:32+00:00","breadcrumb":{"@id":"https:\/\/opg-kelecic.hr\/?page_id=110#breadcrumb"},"inLanguage":"hr","potentialAction":[{"@type":"ReadAction","target":["https:\/\/opg-kelecic.hr\/?page_id=110"]}]},{"@type":"BreadcrumbList","@id":"https:\/\/opg-kelecic.hr\/?page_id=110#breadcrumb","itemListElement":[{"@type":"ListItem","position":1,"name":"Po\u010detna stranica","item":"https:\/\/opg-kelecic.hr\/"},{"@type":"ListItem","position":2,"name":"O biljkama","item":"https:\/\/opg-kelecic.hr\/?page_id=33"},{"@type":"ListItem","position":3,"name":"Bazga"}]},{"@type":"WebSite","@id":"https:\/\/opg-kelecic.hr\/#website","url":"https:\/\/opg-kelecic.hr\/","name":"OPG Kele\u010di\u0107","description":"Obiteljsko poljoprivredno gospodarstvo Kele\u010di\u0107","publisher":{"@id":"https:\/\/opg-kelecic.hr\/#organization"},"potentialAction":[{"@type":"SearchAction","target":{"@type":"EntryPoint","urlTemplate":"https:\/\/opg-kelecic.hr\/?s={search_term_string}"},"query-input":{"@type":"PropertyValueSpecification","valueRequired":true,"valueName":"search_term_string"}}],"inLanguage":"hr"},{"@type":"Organization","@id":"https:\/\/opg-kelecic.hr\/#organization","name":"OPG Kele\u010di\u0107","url":"https:\/\/opg-kelecic.hr\/","logo":{"@type":"ImageObject","inLanguage":"hr","@id":"https:\/\/opg-kelecic.hr\/#\/schema\/logo\/image\/","url":"https:\/\/opg-kelecic.hr\/wp-content\/uploads\/2015\/03\/cropped-logo.jpg","contentUrl":"https:\/\/opg-kelecic.hr\/wp-content\/uploads\/2015\/03\/cropped-logo.jpg","width":684,"height":290,"caption":"OPG Kele\u010di\u0107"},"image":{"@id":"https:\/\/opg-kelecic.hr\/#\/schema\/logo\/image\/"},"sameAs":["https:\/\/www.facebook.com\/p\/OPG-Kelei-100057955245978\/?locale=hr_HR&_rdr"]}]}},"featured_image_src":null,"featured_image_src_square":null,"_links":{"self":[{"href":"https:\/\/opg-kelecic.hr\/index.php?rest_route=\/wp\/v2\/pages\/110","targetHints":{"allow":["GET"]}}],"collection":[{"href":"https:\/\/opg-kelecic.hr\/index.php?rest_route=\/wp\/v2\/pages"}],"about":[{"href":"https:\/\/opg-kelecic.hr\/index.php?rest_route=\/wp\/v2\/types\/page"}],"author":[{"embeddable":true,"href":"https:\/\/opg-kelecic.hr\/index.php?rest_route=\/wp\/v2\/users\/1"}],"replies":[{"embeddable":true,"href":"https:\/\/opg-kelecic.hr\/index.php?rest_route=%2Fwp%2Fv2%2Fcomments&post=110"}],"version-history":[{"count":1,"href":"https:\/\/opg-kelecic.hr\/index.php?rest_route=\/wp\/v2\/pages\/110\/revisions"}],"predecessor-version":[{"id":111,"href":"https:\/\/opg-kelecic.hr\/index.php?rest_route=\/wp\/v2\/pages\/110\/revisions\/111"}],"up":[{"embeddable":true,"href":"https:\/\/opg-kelecic.hr\/index.php?rest_route=\/wp\/v2\/pages\/33"}],"wp:attachment":[{"href":"https:\/\/opg-kelecic.hr\/index.php?rest_route=%2Fwp%2Fv2%2Fmedia&parent=110"}],"curies":[{"name":"wp","href":"https:\/\/api.w.org\/{rel}","templated":true}]}}